{"id":175,"date":"2015-02-22T22:39:29","date_gmt":"2015-02-22T21:39:29","guid":{"rendered":"http:\/\/skanesmitthalsa.se\/?page_id=175"},"modified":"2022-11-03T08:27:13","modified_gmt":"2022-11-03T07:27:13","slug":"hem","status":"publish","type":"page","link":"https:\/\/skanesmitthalsa.se\/","title":{"rendered":"Hem"},"content":{"rendered":"<div class=\"fcbkbttn_buttons_block\" id=\"fcbkbttn_left\"><div class=\"fcbkbttn_button\">\n\t\t\t\t\t<a href=\"https:\/\/www.facebook.com\/604840486258604\" target=\"_blank\">\n\t\t\t\t\t\t<img decoding=\"async\" src=\"https:\/\/skanesmitthalsa.se\/wp-content\/plugins\/facebook-button-plugin\/images\/standard-facebook-ico.png\" alt=\"Fb-Button\" \/>\n\t\t\t\t\t<\/a>\n\t\t\t\t<\/div><div class=\"fcbkbttn_like \"><fb:like href=\"https:\/\/skanesmitthalsa.se\/\" action=\"like\" colorscheme=\"light\" layout=\"standard\"  width=\"450px\" size=\"small\"><\/fb:like><\/div><div class=\"fb-share-button  \" data-href=\"https:\/\/skanesmitthalsa.se\/\" data-type=\"button_count\" data-size=\"small\"><\/div><\/div><div class=\"twttr_buttons\"><div class=\"twttr_twitter\">\n\t\t\t\t\t<a href=\"http:\/\/twitter.com\/share?text=Hem\" class=\"twitter-share-button\" data-via=\"\" data-hashtags=\"\"  data-size=\"default\" data-url=\"https:\/\/skanesmitthalsa.se\/\"  data-related=\"\" target=\"_blank\">Tweet<\/a>\n\t\t\t\t<\/div><\/div><table style=\"height: 268px;\" width=\"811\">\n<tbody>\n<tr>\n<td width=\"25%\">\n<h2 style=\"text-align: left;\"><strong>Sk\u00e5nes Mitt H\u00e4lsa<\/strong><\/h2>\n<p><strong>Sk\u00e5nes Mitt H\u00e4lsa <\/strong>erbjuder tj\u00e4nster inom basal friskv\u00e5rd samt KBT samtalsbehandling. Behovet av att kunna se helheten och sambandet mellan friskv\u00e5rd och psykisk oh\u00e4lsa \u00e4r avg\u00f6rande f\u00f6r ett positivt behandlingsutfall. N\u00e4ringsriktig och varierad kost, en god och regelbunden s\u00f6mn samt en regelbunden fysisk aktivitet \u00e4r viktiga nycklar till v\u00e4lm\u00e5ende och en god h\u00e4lsa.\u00a0\u00a0\u00a0\u00a0\u00a0\u00a0\u00a0\u00a0\u00a0\u00a0\u00a0\u00a0\u00a0\u00a0\u00a0\u00a0\u00a0\u00a0\u00a0\u00a0\u00a0\u00a0\u00a0\u00a0\u00a0\u00a0\u00a0\u00a0\u00a0\u00a0\u00a0\u00a0\u00a0\u00a0\u00a0\u00a0\u00a0\u00a0\u00a0\u00a0\u00a0\u00a0\u00a0\u00a0\u00a0\u00a0\u00a0\u00a0\u00a0\u00a0\u00a0\u00a0\u00a0\u00a0\u00a0\u00a0\u00a0\u00a0\u00a0\u00a0\u00a0\u00a0 F\u00f6retaget erbjuder \u00e4ven HPB tester med uppf\u00f6ljning och \u00e5tg\u00e4rdsprogram. L\u00e4s mer p\u00e5 <a href=\"http:\/\/www.hpinordic.se\/\">www.hpinordic.se<\/a><\/td>\n<td style=\"text-align: center;\">\n<p style=\"padding-left: 30px;\"><a href=\"http:\/\/skanesmitthalsa.se\/wp-content\/uploads\/2014\/10\/hopp-001.jpg\"><img loading=\"lazy\" decoding=\"async\" class=\"alignnone size-medium wp-image-24\" src=\"http:\/\/skanesmitthalsa.se\/wp-content\/uploads\/2014\/10\/hopp-001-300x190.jpg\" alt=\"hopp-001\" width=\"300\" height=\"190\" srcset=\"https:\/\/skanesmitthalsa.se\/wp-content\/uploads\/2014\/10\/hopp-001-300x190.jpg 300w, https:\/\/skanesmitthalsa.se\/wp-content\/uploads\/2014\/10\/hopp-001.jpg 401w\" sizes=\"auto, (max-width: 300px) 100vw, 300px\" \/><\/a><\/p>\n<\/td>\n<\/tr>\n<\/tbody>\n<\/table>\n<table style=\"height: 851px;\" width=\"824\">\n<tbody>\n<tr>\n<td style=\"text-align: justify;\" width=\"180\">\n<table style=\"height: 546px;\" width=\"175\">\n<tbody>\n<tr>\n<td style=\"text-align: justify;\">\n<table style=\"height: 265px;\" width=\"175\">\n<tbody>\n<tr>\n<td style=\"text-align: left;\">\n<table style=\"height: 216px;\" width=\"152\">\n<tbody>\n<tr>\n<td><strong>KBT<\/strong><strong><br \/>\n<\/strong><a href=\"https:\/\/skanesmitthalsa.se\/wp-content\/uploads\/2014\/10\/IMG_1031-2.jpg\"><img loading=\"lazy\" decoding=\"async\" class=\"size-thumbnail wp-image-370 alignleft\" src=\"https:\/\/skanesmitthalsa.se\/wp-content\/uploads\/2014\/10\/IMG_1031-2-150x150.jpg\" alt=\"IMG_1031 (2)\" width=\"150\" height=\"150\" \/><\/a><\/td>\n<\/tr>\n<\/tbody>\n<\/table>\n<p>Orden kan s\u00e4gas vara m\u00e4nniskans viktigaste verktyg och det som skiljer m\u00e4nniskan fr\u00e5n djuren. Med hj\u00e4lp av ord f\u00f6rs\u00f6ker vi l\u00f6sa vardagens problem. Vi ber\u00e4ttar om sv\u00e5righeter f\u00f6r att f\u00e5 hj\u00e4lp, och samtalsv\u00e4gen l\u00f6ses kanske ett problem. <a href=\"https:\/\/skanesmitthalsa.se\/?page_id=30\">L\u00e4s mer<\/a><\/td>\n<\/tr>\n<\/tbody>\n<\/table>\n<table style=\"height: 238px;\" width=\"178\">\n<tbody>\n<tr>\n<td><\/td>\n<\/tr>\n<\/tbody>\n<\/table>\n<\/td>\n<\/tr>\n<tr>\n<td><\/td>\n<\/tr>\n<\/tbody>\n<\/table>\n<\/td>\n<td style=\"text-align: justify;\" width=\"180\">\n<table width=\"180\">\n<tbody>\n<tr>\n<td>\n<table width=\"150\">\n<tbody>\n<tr>\n<td><strong>Massage<a href=\"http:\/\/skanesmitthalsa.se\/wp-content\/uploads\/2014\/10\/10131569_web.jpg\"><img loading=\"lazy\" decoding=\"async\" class=\"alignleft wp-image-34 size-thumbnail\" src=\"http:\/\/skanesmitthalsa.se\/wp-content\/uploads\/2014\/10\/10131569_web-150x150.jpg\" alt=\"10131569_web\" width=\"150\" height=\"150\" \/><\/a><\/strong><\/td>\n<\/tr>\n<\/tbody>\n<\/table>\n<\/td>\n<\/tr>\n<tr>\n<td>Massage kan anv\u00e4ndas vid m\u00e5nga olika tillf\u00e4llen. N\u00e4r man kommer hem fr\u00e5n en l\u00e5ng dags monotont arbete kan det vara sk\u00f6nt att f\u00e5 sp\u00e4nda muskler i till exempel nacke och skuldror masserade. En del g\u00e5r regelbundet p\u00e5 massage bara f\u00f6r att det k\u00e4nns sk\u00f6nt och avkopplande.<a title=\"Massage\" href=\"http:\/\/skanesmitthalsa.se\/?page_id=33\"> L\u00e4s mer<\/a><\/td>\n<\/tr>\n<\/tbody>\n<\/table>\n<\/td>\n<td style=\"text-align: justify;\" width=\"190\">\n<table width=\"180\">\n<tbody>\n<tr>\n<td>\n<table width=\"150\">\n<tbody>\n<tr>\n<td><strong>Kost<a href=\"http:\/\/skanesmitthalsa.se\/wp-content\/uploads\/2014\/10\/9749430_web.jpg\"><img loading=\"lazy\" decoding=\"async\" class=\"alignleft wp-image-37 size-thumbnail\" src=\"http:\/\/skanesmitthalsa.se\/wp-content\/uploads\/2014\/10\/9749430_web-150x150.jpg\" alt=\"9749430_web\" width=\"150\" height=\"150\" \/><\/a><\/strong><\/td>\n<\/tr>\n<\/tbody>\n<\/table>\n<\/td>\n<\/tr>\n<tr>\n<td>F\u00f6r att inte bli feln\u00e4rda b\u00f6r vi \u00f6ka v\u00e5ra kunskaper n\u00e4r det g\u00e4ller sambandet mellan kost, livsstil och h\u00e4lsa. Vi beh\u00f6ver \u00e4ta lagom mycket, allsidigt och n\u00e4ringsriktigt. Vi beh\u00f6ver ocks\u00e5 \u00e4ta regelbundet och \u00e4ta l\u00e5ngsamt, tugga v\u00e4l och dricka mer mellan m\u00e5len<a title=\"Kost\" href=\"http:\/\/skanesmitthalsa.se\/?page_id=36\">.L\u00e4s mer<\/a><\/td>\n<\/tr>\n<\/tbody>\n<\/table>\n<\/td>\n<td width=\"190\">\n<table class=\" alignleft\" style=\"height: 615px;\" width=\"231\">\n<tbody>\n<tr>\n<td>\n<p style=\"text-align: justify;\"><strong>\u00a0 \u00a0 <\/strong><\/p>\n<\/td>\n<\/tr>\n<\/tbody>\n<\/table>\n<\/td>\n<\/tr>\n<\/tbody>\n<\/table>\n<p><a href=\"http:\/\/skanesmitthalsa.se\/wp-content\/uploads\/2014\/10\/log2.png\"><br \/>\n<img loading=\"lazy\" decoding=\"async\" class=\"alignnone size-medium wp-image-58\" src=\"http:\/\/skanesmitthalsa.se\/wp-content\/uploads\/2014\/10\/log2-300x106.png\" alt=\"log\" width=\"300\" height=\"106\" srcset=\"https:\/\/skanesmitthalsa.se\/wp-content\/uploads\/2014\/10\/log2-300x106.png 300w, https:\/\/skanesmitthalsa.se\/wp-content\/uploads\/2014\/10\/log2.png 992w\" sizes=\"auto, (max-width: 300px) 100vw, 300px\" \/><\/a><a href=\"http:\/\/skanesmitthalsa.se\/wp-content\/uploads\/2015\/02\/14333150_1110747649001216_7366145047776706020_n.png\"><img loading=\"lazy\" decoding=\"async\" class=\"size-full wp-image-297 alignright\" src=\"http:\/\/skanesmitthalsa.se\/wp-content\/uploads\/2015\/02\/14333150_1110747649001216_7366145047776706020_n.png\" alt=\"14333150_1110747649001216_7366145047776706020_n\" width=\"200\" height=\"150\" \/><\/a><\/p>\n<div class=\"fcbkbttn_buttons_block\" id=\"fcbkbttn_left\"><div class=\"fcbkbttn_button\">\n\t\t\t\t\t<a href=\"https:\/\/www.facebook.com\/604840486258604\" target=\"_blank\">\n\t\t\t\t\t\t<img decoding=\"async\" src=\"https:\/\/skanesmitthalsa.se\/wp-content\/plugins\/facebook-button-plugin\/images\/standard-facebook-ico.png\" alt=\"Fb-Button\" \/>\n\t\t\t\t\t<\/a>\n\t\t\t\t<\/div><div class=\"fcbkbttn_like \"><fb:like href=\"https:\/\/skanesmitthalsa.se\/\" action=\"like\" colorscheme=\"light\" layout=\"standard\"  width=\"450px\" size=\"small\"><\/fb:like><\/div><div class=\"fb-share-button  \" data-href=\"https:\/\/skanesmitthalsa.se\/\" data-type=\"button_count\" data-size=\"small\"><\/div><\/div>","protected":false},"excerpt":{"rendered":"<p>Sk\u00e5nes Mitt H\u00e4lsa Sk\u00e5nes Mitt H\u00e4lsa erbjuder tj\u00e4nster inom basal friskv\u00e5rd samt KBT samtalsbehandling. Behovet av att kunna se helheten och sambandet mellan friskv\u00e5rd och psykisk oh\u00e4lsa \u00e4r avg\u00f6rande f\u00f6r ett positivt behandlingsutfall. N\u00e4ringsriktig och varierad kost, en god och &hellip; <a href=\"https:\/\/skanesmitthalsa.se\/\">Forts\u00e4tt l\u00e4sa <span class=\"meta-nav\">&rarr;<\/span><\/a><\/p>\n","protected":false},"author":1,"featured_media":0,"parent":0,"menu_order":0,"comment_status":"closed","ping_status":"closed","template":"","meta":{"footnotes":""},"class_list":["post-175","page","type-page","status-publish","hentry"],"_links":{"self":[{"href":"https:\/\/skanesmitthalsa.se\/index.php?rest_route=\/wp\/v2\/pages\/175","targetHints":{"allow":["GET"]}}],"collection":[{"href":"https:\/\/skanesmitthalsa.se\/index.php?rest_route=\/wp\/v2\/pages"}],"about":[{"href":"https:\/\/skanesmitthalsa.se\/index.php?rest_route=\/wp\/v2\/types\/page"}],"author":[{"embeddable":true,"href":"https:\/\/skanesmitthalsa.se\/index.php?rest_route=\/wp\/v2\/users\/1"}],"replies":[{"embeddable":true,"href":"https:\/\/skanesmitthalsa.se\/index.php?rest_route=%2Fwp%2Fv2%2Fcomments&post=175"}],"version-history":[{"count":73,"href":"https:\/\/skanesmitthalsa.se\/index.php?rest_route=\/wp\/v2\/pages\/175\/revisions"}],"predecessor-version":[{"id":463,"href":"https:\/\/skanesmitthalsa.se\/index.php?rest_route=\/wp\/v2\/pages\/175\/revisions\/463"}],"wp:attachment":[{"href":"https:\/\/skanesmitthalsa.se\/index.php?rest_route=%2Fwp%2Fv2%2Fmedia&parent=175"}],"curies":[{"name":"wp","href":"https:\/\/api.w.org\/{rel}","templated":true}]}}