{"id":18,"date":"2014-10-15T22:19:57","date_gmt":"2014-10-15T20:19:57","guid":{"rendered":"http:\/\/skanesmitthalsa.se\/?page_id=18"},"modified":"2016-02-19T18:42:22","modified_gmt":"2016-02-19T17:42:22","slug":"tjanster","status":"publish","type":"page","link":"https:\/\/skanesmitthalsa.se\/?page_id=18","title":{"rendered":"Tj\u00e4nster"},"content":{"rendered":"<div class=\"fcbkbttn_buttons_block\" id=\"fcbkbttn_left\"><div class=\"fcbkbttn_button\">\n\t\t\t\t\t<a href=\"https:\/\/www.facebook.com\/604840486258604\" target=\"_blank\">\n\t\t\t\t\t\t<img decoding=\"async\" src=\"https:\/\/skanesmitthalsa.se\/wp-content\/plugins\/facebook-button-plugin\/images\/standard-facebook-ico.png\" alt=\"Fb-Button\" \/>\n\t\t\t\t\t<\/a>\n\t\t\t\t<\/div><div class=\"fcbkbttn_like \"><fb:like href=\"https:\/\/skanesmitthalsa.se\/?page_id=18\" action=\"like\" colorscheme=\"light\" layout=\"standard\"  width=\"450px\" size=\"small\"><\/fb:like><\/div><div class=\"fb-share-button  \" data-href=\"https:\/\/skanesmitthalsa.se\/?page_id=18\" data-type=\"button_count\" data-size=\"small\"><\/div><\/div><div class=\"twttr_buttons\"><div class=\"twttr_twitter\">\n\t\t\t\t\t<a href=\"http:\/\/twitter.com\/share?text=Tj%C3%A4nster\" class=\"twitter-share-button\" data-via=\"\" data-hashtags=\"\"  data-size=\"default\" data-url=\"https:\/\/skanesmitthalsa.se\/?page_id=18\"  data-related=\"\" target=\"_blank\">Tweet<\/a>\n\t\t\t\t<\/div><\/div><table width=\"100%\">\n<tbody>\n<tr>\n<td width=\"25%\">\u00a0<a href=\"http:\/\/skanesmitthalsa.se\/wp-content\/uploads\/2014\/10\/10957039_web.jpg\"><img loading=\"lazy\" decoding=\"async\" class=\"alignnone size-medium wp-image-19\" src=\"http:\/\/skanesmitthalsa.se\/wp-content\/uploads\/2014\/10\/10957039_web-300x200.jpg\" alt=\"10957039_web\" width=\"300\" height=\"200\" srcset=\"https:\/\/skanesmitthalsa.se\/wp-content\/uploads\/2014\/10\/10957039_web-300x200.jpg 300w, https:\/\/skanesmitthalsa.se\/wp-content\/uploads\/2014\/10\/10957039_web.jpg 847w\" sizes=\"auto, (max-width: 300px) 100vw, 300px\" \/><\/a><\/td>\n<td><strong>Sk\u00e5nes Mitt H\u00e4lsa <\/strong>erbjuder privatpersoner, grupper eller f\u00f6retag. Har ni ingen m\u00f6jlighet att komma till oss, kommer vi g\u00e4rna till er.<\/p>\n<p><b>KBT &#8211;<\/b>\u00a0behandling\u00a0vid bland annat stress, oro och s\u00f6mnsv\u00e5righeter. L\u00e4s mer under samtal<\/p>\n<p><strong>Massage<\/strong>\u00a0<strong>&#8211;<\/strong> avslappningsmassage f\u00f6r\u00a0rygg, axlar och nacke. L\u00e4s mer under massage.<\/p>\n<p><strong>Kost<\/strong>\u00a0<strong>&#8211;<\/strong> kostr\u00e5dgivning och\u00a0h\u00e4lsotips.\u00a0L\u00e4s mer under kost<\/p>\n<p><strong>Fysisk aktivitet &#8211;\u00a0<\/strong>Kondition- och tr\u00e4ningstips. L\u00e4s mer under fysisk aktivitet.<\/p>\n<p><strong>H\u00e4lsoprofil<\/strong>\u00a0<strong>&#8211;<\/strong> H\u00e4lsoprofilbed\u00f6mning, HPB. L\u00e4s mer under h\u00e4lsoprofil<\/td>\n<\/tr>\n<\/tbody>\n<\/table>\n<div class=\"fcbkbttn_buttons_block\" id=\"fcbkbttn_left\"><div class=\"fcbkbttn_button\">\n\t\t\t\t\t<a href=\"https:\/\/www.facebook.com\/604840486258604\" target=\"_blank\">\n\t\t\t\t\t\t<img decoding=\"async\" src=\"https:\/\/skanesmitthalsa.se\/wp-content\/plugins\/facebook-button-plugin\/images\/standard-facebook-ico.png\" alt=\"Fb-Button\" \/>\n\t\t\t\t\t<\/a>\n\t\t\t\t<\/div><div class=\"fcbkbttn_like \"><fb:like href=\"https:\/\/skanesmitthalsa.se\/?page_id=18\" action=\"like\" colorscheme=\"light\" layout=\"standard\"  width=\"450px\" size=\"small\"><\/fb:like><\/div><div class=\"fb-share-button  \" data-href=\"https:\/\/skanesmitthalsa.se\/?page_id=18\" data-type=\"button_count\" data-size=\"small\"><\/div><\/div>","protected":false},"excerpt":{"rendered":"<p>\u00a0 Sk\u00e5nes Mitt H\u00e4lsa erbjuder privatpersoner, grupper eller f\u00f6retag. Har ni ingen m\u00f6jlighet att komma till oss, kommer vi g\u00e4rna till er. KBT &#8211;\u00a0behandling\u00a0vid bland annat stress, oro och s\u00f6mnsv\u00e5righeter. L\u00e4s mer under samtal Massage\u00a0&#8211; avslappningsmassage f\u00f6r\u00a0rygg, axlar och nacke. &hellip; <a href=\"https:\/\/skanesmitthalsa.se\/?page_id=18\">Forts\u00e4tt l\u00e4sa <span class=\"meta-nav\">&rarr;<\/span><\/a><\/p>\n","protected":false},"author":1,"featured_media":0,"parent":0,"menu_order":20,"comment_status":"closed","ping_status":"closed","template":"","meta":{"footnotes":""},"class_list":["post-18","page","type-page","status-publish","hentry"],"_links":{"self":[{"href":"https:\/\/skanesmitthalsa.se\/index.php?rest_route=\/wp\/v2\/pages\/18","targetHints":{"allow":["GET"]}}],"collection":[{"href":"https:\/\/skanesmitthalsa.se\/index.php?rest_route=\/wp\/v2\/pages"}],"about":[{"href":"https:\/\/skanesmitthalsa.se\/index.php?rest_route=\/wp\/v2\/types\/page"}],"author":[{"embeddable":true,"href":"https:\/\/skanesmitthalsa.se\/index.php?rest_route=\/wp\/v2\/users\/1"}],"replies":[{"embeddable":true,"href":"https:\/\/skanesmitthalsa.se\/index.php?rest_route=%2Fwp%2Fv2%2Fcomments&post=18"}],"version-history":[{"count":8,"href":"https:\/\/skanesmitthalsa.se\/index.php?rest_route=\/wp\/v2\/pages\/18\/revisions"}],"predecessor-version":[{"id":271,"href":"https:\/\/skanesmitthalsa.se\/index.php?rest_route=\/wp\/v2\/pages\/18\/revisions\/271"}],"wp:attachment":[{"href":"https:\/\/skanesmitthalsa.se\/index.php?rest_route=%2Fwp%2Fv2%2Fmedia&parent=18"}],"curies":[{"name":"wp","href":"https:\/\/api.w.org\/{rel}","templated":true}]}}