{"id":27,"date":"2014-10-15T22:45:33","date_gmt":"2014-10-15T20:45:33","guid":{"rendered":"http:\/\/skanesmitthalsa.se\/?page_id=27"},"modified":"2022-11-03T08:12:35","modified_gmt":"2022-11-03T07:12:35","slug":"kontakt","status":"publish","type":"page","link":"https:\/\/skanesmitthalsa.se\/?page_id=27","title":{"rendered":"Kontakt"},"content":{"rendered":"<div class=\"fcbkbttn_buttons_block\" id=\"fcbkbttn_left\"><div class=\"fcbkbttn_button\">\n\t\t\t\t\t<a href=\"https:\/\/www.facebook.com\/604840486258604\" target=\"_blank\">\n\t\t\t\t\t\t<img decoding=\"async\" src=\"https:\/\/skanesmitthalsa.se\/wp-content\/plugins\/facebook-button-plugin\/images\/standard-facebook-ico.png\" alt=\"Fb-Button\" \/>\n\t\t\t\t\t<\/a>\n\t\t\t\t<\/div><div class=\"fcbkbttn_like \"><fb:like href=\"https:\/\/skanesmitthalsa.se\/?page_id=27\" action=\"like\" colorscheme=\"light\" layout=\"standard\"  width=\"450px\" size=\"small\"><\/fb:like><\/div><div class=\"fb-share-button  \" data-href=\"https:\/\/skanesmitthalsa.se\/?page_id=27\" data-type=\"button_count\" data-size=\"small\"><\/div><\/div><div class=\"twttr_buttons\"><div class=\"twttr_twitter\">\n\t\t\t\t\t<a href=\"http:\/\/twitter.com\/share?text=Kontakt\" class=\"twitter-share-button\" data-via=\"\" data-hashtags=\"\"  data-size=\"default\" data-url=\"https:\/\/skanesmitthalsa.se\/?page_id=27\"  data-related=\"\" target=\"_blank\">Tweet<\/a>\n\t\t\t\t<\/div><\/div><table width=\"100%\">\n<tbody>\n<tr>\n<td width=\"25%\"><a href=\"http:\/\/skanesmitthalsa.se\/wp-content\/uploads\/2014\/10\/CV.jpg\"><img loading=\"lazy\" decoding=\"async\" class=\"size-thumbnail wp-image-364 aligncenter\" src=\"http:\/\/skanesmitthalsa.se\/wp-content\/uploads\/2014\/10\/CV-150x150.jpg\" alt=\"CV\" width=\"150\" height=\"150\" \/><\/a><\/td>\n<td><strong>Mikael Andersson<\/strong><\/p>\n<p>Psykoterapi Steg 1 KBT<br \/>\nDipl. Friskv\u00e5rdsterapeut &amp; Kostr\u00e5dgivare<\/p>\n<p>H\u00f6rbyv\u00e4gen 49<br \/>\n243 34 H\u00f6\u00f6r<\/p>\n<p>Mobil: 0706-606950<br \/>\nepost: info@skanesmitthalsa.se<\/td>\n<\/tr>\n<\/tbody>\n<\/table>\n<div class=\"fcbkbttn_buttons_block\" id=\"fcbkbttn_left\"><div class=\"fcbkbttn_button\">\n\t\t\t\t\t<a href=\"https:\/\/www.facebook.com\/604840486258604\" target=\"_blank\">\n\t\t\t\t\t\t<img decoding=\"async\" src=\"https:\/\/skanesmitthalsa.se\/wp-content\/plugins\/facebook-button-plugin\/images\/standard-facebook-ico.png\" alt=\"Fb-Button\" \/>\n\t\t\t\t\t<\/a>\n\t\t\t\t<\/div><div class=\"fcbkbttn_like \"><fb:like href=\"https:\/\/skanesmitthalsa.se\/?page_id=27\" action=\"like\" colorscheme=\"light\" layout=\"standard\"  width=\"450px\" size=\"small\"><\/fb:like><\/div><div class=\"fb-share-button  \" data-href=\"https:\/\/skanesmitthalsa.se\/?page_id=27\" data-type=\"button_count\" data-size=\"small\"><\/div><\/div>","protected":false},"excerpt":{"rendered":"<p>Mikael Andersson Psykoterapi Steg 1 KBT Dipl. Friskv\u00e5rdsterapeut &amp; Kostr\u00e5dgivare H\u00f6rbyv\u00e4gen 49 243 34 H\u00f6\u00f6r Mobil: 0706-606950 epost: info@skanesmitthalsa.se<\/p>\n","protected":false},"author":1,"featured_media":0,"parent":0,"menu_order":40,"comment_status":"closed","ping_status":"closed","template":"","meta":{"footnotes":""},"class_list":["post-27","page","type-page","status-publish","hentry"],"_links":{"self":[{"href":"https:\/\/skanesmitthalsa.se\/index.php?rest_route=\/wp\/v2\/pages\/27","targetHints":{"allow":["GET"]}}],"collection":[{"href":"https:\/\/skanesmitthalsa.se\/index.php?rest_route=\/wp\/v2\/pages"}],"about":[{"href":"https:\/\/skanesmitthalsa.se\/index.php?rest_route=\/wp\/v2\/types\/page"}],"author":[{"embeddable":true,"href":"https:\/\/skanesmitthalsa.se\/index.php?rest_route=\/wp\/v2\/users\/1"}],"replies":[{"embeddable":true,"href":"https:\/\/skanesmitthalsa.se\/index.php?rest_route=%2Fwp%2Fv2%2Fcomments&post=27"}],"version-history":[{"count":10,"href":"https:\/\/skanesmitthalsa.se\/index.php?rest_route=\/wp\/v2\/pages\/27\/revisions"}],"predecessor-version":[{"id":459,"href":"https:\/\/skanesmitthalsa.se\/index.php?rest_route=\/wp\/v2\/pages\/27\/revisions\/459"}],"wp:attachment":[{"href":"https:\/\/skanesmitthalsa.se\/index.php?rest_route=%2Fwp%2Fv2%2Fmedia&parent=27"}],"curies":[{"name":"wp","href":"https:\/\/api.w.org\/{rel}","templated":true}]}}