{"id":33,"date":"2014-10-15T22:56:12","date_gmt":"2014-10-15T20:56:12","guid":{"rendered":"http:\/\/skanesmitthalsa.se\/?page_id=33"},"modified":"2014-11-23T22:47:03","modified_gmt":"2014-11-23T21:47:03","slug":"massage","status":"publish","type":"page","link":"https:\/\/skanesmitthalsa.se\/?page_id=33","title":{"rendered":"Massage"},"content":{"rendered":"<div class=\"fcbkbttn_buttons_block\" id=\"fcbkbttn_left\"><div class=\"fcbkbttn_button\">\n\t\t\t\t\t<a href=\"https:\/\/www.facebook.com\/604840486258604\" target=\"_blank\">\n\t\t\t\t\t\t<img decoding=\"async\" src=\"https:\/\/skanesmitthalsa.se\/wp-content\/plugins\/facebook-button-plugin\/images\/standard-facebook-ico.png\" alt=\"Fb-Button\" \/>\n\t\t\t\t\t<\/a>\n\t\t\t\t<\/div><div class=\"fcbkbttn_like \"><fb:like href=\"https:\/\/skanesmitthalsa.se\/?page_id=33\" action=\"like\" colorscheme=\"light\" layout=\"standard\"  width=\"450px\" size=\"small\"><\/fb:like><\/div><div class=\"fb-share-button  \" data-href=\"https:\/\/skanesmitthalsa.se\/?page_id=33\" data-type=\"button_count\" data-size=\"small\"><\/div><\/div><div class=\"twttr_buttons\"><div class=\"twttr_twitter\">\n\t\t\t\t\t<a href=\"http:\/\/twitter.com\/share?text=Massage\" class=\"twitter-share-button\" data-via=\"\" data-hashtags=\"\"  data-size=\"default\" data-url=\"https:\/\/skanesmitthalsa.se\/?page_id=33\"  data-related=\"\" target=\"_blank\">Tweet<\/a>\n\t\t\t\t<\/div><\/div><table style=\"height: 1236px;\" width=\"602\">\n<tbody>\n<tr>\n<td style=\"text-align: left;\" width=\"100%\">\n<h2>Unna dig sj\u00e4lv n\u00f6dv\u00e4ndig avslappning<\/h2>\n<p><a href=\"http:\/\/skanesmitthalsa.se\/wp-content\/uploads\/2014\/10\/10131569_web.jpg\"><img loading=\"lazy\" decoding=\"async\" class=\"alignright wp-image-34 size-medium\" src=\"http:\/\/skanesmitthalsa.se\/wp-content\/uploads\/2014\/10\/10131569_web-300x199.jpg\" alt=\"10131569_web\" width=\"300\" height=\"199\" srcset=\"https:\/\/skanesmitthalsa.se\/wp-content\/uploads\/2014\/10\/10131569_web-300x199.jpg 300w, https:\/\/skanesmitthalsa.se\/wp-content\/uploads\/2014\/10\/10131569_web.jpg 848w\" sizes=\"auto, (max-width: 300px) 100vw, 300px\" \/><\/a><\/p>\n<p>Huden \u00e4r kroppens st\u00f6rsta organ. den \u00e4r cirka tv\u00e5 kvadratmeter stor och utg\u00f6r cirka 15% av den totala kroppsvikten. Samtidigt som den fungerar som en barri\u00e4r (ett skydd) mot omgivningen skall den \u00e4ven motverka f\u00f6rlust av vatten, salter och organiska \u00e4mnen i kroppen. Huden inneh\u00e5ller receptorer som ger information om v\u00e5r omgivning. Massage p\u00e5verkar hudens receptorer som i sin fur framkallar fysiologiska effekter i v\u00e5r kropp &#8211; till exempel avslappning.<\/p>\n<p>K\u00e4nner du dig stressad, eller har du muskelsp\u00e4nningar? Har du huvudv\u00e4rk eller kanske tr\u00e4ningsv\u00e4rk?\u00a0Kanske vill du rentav\u00a0bara unna dig en stunds avkoppling fr\u00e5n vardagen. D\u00e5 kan avslappningsmassage hj\u00e4lpa dig. P\u00e5 Sk\u00e5nes Mitt H\u00e4lsa erbjuds du 45 minuters avslappningsmassage av rygg, axlar och nacke.<\/p>\n<p>Avslappningsmassage \u00e4r en mjukare och mer avslappnande form av den klassiska massagen. Avslappningsmassagen inte \u00e4r lika djupg\u00e5ende muskul\u00e4rt som den klassiska.<\/p>\n<p>&nbsp;<\/p>\n<h2>Massagens goda effekter<\/h2>\n<p>N\u00e5gra av massagens effekter:<\/p>\n<p>Nervsystemet &#8211; antistresshormonet oxytocin frig\u00f6rs vid ber\u00f6ring, vilket ger kroppen en lugnande och avslappnande effekt. Detta medf\u00f6r att blodtrycket och pulsen sjunker och att vi tolererar sm\u00e4rta b\u00e4ttre. Fris\u00e4ttning av stresshormoner sjunker, k\u00e4nslan av oro och \u00e4ngslan minskar, hum\u00f6ret och s\u00f6mnen f\u00f6rb\u00e4ttras, samt att n\u00e4ringsupptaget i tarmarna \u00f6kar.<\/p>\n<p>Lymfcirkulationen- \u00f6kar kraftigt och immunf\u00f6rsvaret blir mer motst\u00e5ndskraftigt om man massserar regelbundet. Lymfan h\u00e4mtar upp slaggprodukter och \u00f6verblivna proteiner i cellerna.<\/p>\n<p>Blodcirkulationen- vid massage vidgas blodk\u00e4rlen och k\u00e4rlv\u00e4ggarna slappnar av. Blodcirkulationen \u00f6kar vilket inneb\u00e4r en b\u00e4ttre borttransport av slaggprodukter fr\u00e5n muskulaturen. Blodtrycket sjunker och svettuts\u00f6ndringen \u00f6kar under 20 minuter efter massagebehandling.<\/p>\n<h2 class=\"sgsubheader\">N\u00e4r b\u00f6r du undvika att f\u00e5<\/h2>\n<div class=\"sgsubheader\">\n<h2>massage?<\/h2>\n<\/div>\n<div class=\"sgbody\">\n<p>Massage ska inte ges vid:<\/p>\n<ul>\n<li>Feber och infektioner<\/li>\n<li>Uttalad bensk\u00f6rhet<\/li>\n<li>Prim\u00e4r eller sekund\u00e4r tum\u00f6r i kotpelare eller ryggm\u00e4rg<\/li>\n<li>Akuta skador<\/li>\n<li>Akuta inflammationer<\/li>\n<li>Diskbr\u00e5ck<\/li>\n<li>F\u00e4rska frakturer<\/li>\n<li>Reumatisk sjukdom i halsrygg<\/li>\n<li>Skelettinfektioner<\/li>\n<li>Akut trauma mot kotpelaren<\/li>\n<\/ul>\n<div class=\"sgbody\">\n<h2>Hur g\u00e5r det till?<\/h2>\n<p>Inf\u00f6r massagebehandlingen f\u00e5r du fylla i ett intervjuformul\u00e4r som handlar om din h\u00e4lsa.<\/p>\n<p>Avslappningsmassagen \u00e4r en halvkroppsmassage med fokus p\u00e5 de muskelgrupper som\u00a0uts\u00e4tts f\u00f6r stor belastning vid stress och stillasittande arbete. Massagen omfattar 45 minuter\u00a0med fokus p\u00e5 nacke, axlar, skuldror, rygg, och ryggslut.<\/p>\n<p>En massagebehandling p\u00e5minner om ett tr\u00e4ningspass. Man startar f\u00f6rsiktigt (uppv\u00e4rmning), \u00f6kar successivt belastningen, f\u00f6r att sedan avsluta med en nedtrappning av greppens belastning (nedvarvning).<\/p>\n<p>En annan likhet med ett tr\u00e4ningspass \u00e4r att man varken b\u00f6r tr\u00e4na eller f\u00e5 massage n\u00e4r man \u00e4r sjuk.<\/p>\n<p>Har du inte m\u00f6jlighet att komma till oss, kommer vi g\u00e4rna till dig.<\/p>\n<p>Massage p\u00e5 jobbet &#8211; en l\u00f6nsam investering i f\u00f6retaget, b\u00e5de p\u00e5 kort och l\u00e5ng sikt!<br \/>\nH\u00e4lsomedvetna medarbetare bygger p\u00e5 sikt ett entusiastiskt och marknadskraftigt f\u00f6retag!<\/p>\n<\/div>\n<p>&nbsp;<\/p>\n<\/div>\n<p><a href=\"http:\/\/skanesmitthalsa.se\/wp-content\/uploads\/2014\/10\/20140709_213653.jpg\"><img loading=\"lazy\" decoding=\"async\" class=\"alignnone size-medium wp-image-147\" src=\"http:\/\/skanesmitthalsa.se\/wp-content\/uploads\/2014\/10\/20140709_213653-300x168.jpg\" alt=\"20140709_213653\" width=\"300\" height=\"168\" srcset=\"https:\/\/skanesmitthalsa.se\/wp-content\/uploads\/2014\/10\/20140709_213653-300x168.jpg 300w, https:\/\/skanesmitthalsa.se\/wp-content\/uploads\/2014\/10\/20140709_213653-1024x576.jpg 1024w\" sizes=\"auto, (max-width: 300px) 100vw, 300px\" \/><\/a><\/p>\n<h2><\/h2>\n<p>&nbsp;<\/td>\n<td><\/td>\n<\/tr>\n<\/tbody>\n<\/table>\n<div class=\"fcbkbttn_buttons_block\" id=\"fcbkbttn_left\"><div class=\"fcbkbttn_button\">\n\t\t\t\t\t<a href=\"https:\/\/www.facebook.com\/604840486258604\" target=\"_blank\">\n\t\t\t\t\t\t<img decoding=\"async\" src=\"https:\/\/skanesmitthalsa.se\/wp-content\/plugins\/facebook-button-plugin\/images\/standard-facebook-ico.png\" alt=\"Fb-Button\" \/>\n\t\t\t\t\t<\/a>\n\t\t\t\t<\/div><div class=\"fcbkbttn_like \"><fb:like href=\"https:\/\/skanesmitthalsa.se\/?page_id=33\" action=\"like\" colorscheme=\"light\" layout=\"standard\"  width=\"450px\" size=\"small\"><\/fb:like><\/div><div class=\"fb-share-button  \" data-href=\"https:\/\/skanesmitthalsa.se\/?page_id=33\" data-type=\"button_count\" data-size=\"small\"><\/div><\/div>","protected":false},"excerpt":{"rendered":"<p>Unna dig sj\u00e4lv n\u00f6dv\u00e4ndig avslappning Huden \u00e4r kroppens st\u00f6rsta organ. den \u00e4r cirka tv\u00e5 kvadratmeter stor och utg\u00f6r cirka 15% av den totala kroppsvikten. Samtidigt som den fungerar som en barri\u00e4r (ett skydd) mot omgivningen skall den \u00e4ven motverka f\u00f6rlust &hellip; <a href=\"https:\/\/skanesmitthalsa.se\/?page_id=33\">Forts\u00e4tt l\u00e4sa <span class=\"meta-nav\">&rarr;<\/span><\/a><\/p>\n","protected":false},"author":1,"featured_media":0,"parent":18,"menu_order":22,"comment_status":"closed","ping_status":"closed","template":"","meta":{"footnotes":""},"class_list":["post-33","page","type-page","status-publish","hentry"],"_links":{"self":[{"href":"https:\/\/skanesmitthalsa.se\/index.php?rest_route=\/wp\/v2\/pages\/33","targetHints":{"allow":["GET"]}}],"collection":[{"href":"https:\/\/skanesmitthalsa.se\/index.php?rest_route=\/wp\/v2\/pages"}],"about":[{"href":"https:\/\/skanesmitthalsa.se\/index.php?rest_route=\/wp\/v2\/types\/page"}],"author":[{"embeddable":true,"href":"https:\/\/skanesmitthalsa.se\/index.php?rest_route=\/wp\/v2\/users\/1"}],"replies":[{"embeddable":true,"href":"https:\/\/skanesmitthalsa.se\/index.php?rest_route=%2Fwp%2Fv2%2Fcomments&post=33"}],"version-history":[{"count":13,"href":"https:\/\/skanesmitthalsa.se\/index.php?rest_route=\/wp\/v2\/pages\/33\/revisions"}],"predecessor-version":[{"id":157,"href":"https:\/\/skanesmitthalsa.se\/index.php?rest_route=\/wp\/v2\/pages\/33\/revisions\/157"}],"up":[{"embeddable":true,"href":"https:\/\/skanesmitthalsa.se\/index.php?rest_route=\/wp\/v2\/pages\/18"}],"wp:attachment":[{"href":"https:\/\/skanesmitthalsa.se\/index.php?rest_route=%2Fwp%2Fv2%2Fmedia&parent=33"}],"curies":[{"name":"wp","href":"https:\/\/api.w.org\/{rel}","templated":true}]}}